{"id":16633,"date":"2021-09-29T21:00:14","date_gmt":"2021-09-29T19:00:14","guid":{"rendered":"https:\/\/studiotamburro.simonemusarra.it\/professionals\/prof-stefano-giubboni\/"},"modified":"2021-10-06T17:16:46","modified_gmt":"2021-10-06T15:16:46","slug":"prof-stefano-giubboni","status":"publish","type":"page","link":"https:\/\/studiotamburro.it\/en\/professionals\/prof-stefano-giubboni\/","title":{"rendered":"Avv. Prof. Stefano Giubboni"},"content":{"rendered":"<p>[vc_row][vc_column width=&#8221;1\/6&#8243; tablet_width=&#8221;1-12&#8243; tablet_sm_width=&#8221;hide&#8221; mobile_width=&#8221;hide&#8221;][\/vc_column][vc_column width=&#8221;2\/3&#8243; tablet_width=&#8221;5-6&#8243;]<div class=\"grve-element grve-image grve-align-left\" style=\"\">  <div class=\"grve-image-wrapper\"><img width=\"219\" height=\"300\" src=\"https:\/\/studiotamburro.it\/wpsite\/wp-content\/uploads\/Stefano-Giubboni-foto-sito-219x300.jpg\" class=\"attachment-medium size-medium\" alt=\"\" decoding=\"async\" loading=\"lazy\" srcset=\"https:\/\/studiotamburro.it\/wpsite\/wp-content\/uploads\/Stefano-Giubboni-foto-sito-219x300.jpg 219w, https:\/\/studiotamburro.it\/wpsite\/wp-content\/uploads\/Stefano-Giubboni-foto-sito-747x1024.jpg 747w, https:\/\/studiotamburro.it\/wpsite\/wp-content\/uploads\/Stefano-Giubboni-foto-sito-768x1052.jpg 768w, https:\/\/studiotamburro.it\/wpsite\/wp-content\/uploads\/Stefano-Giubboni-foto-sito-1121x1536.jpg 1121w, https:\/\/studiotamburro.it\/wpsite\/wp-content\/uploads\/Stefano-Giubboni-foto-sito-1495x2048.jpg 1495w, https:\/\/studiotamburro.it\/wpsite\/wp-content\/uploads\/Stefano-Giubboni-foto-sito-1401x1920.jpg 1401w, https:\/\/studiotamburro.it\/wpsite\/wp-content\/uploads\/Stefano-Giubboni-foto-sito-scaled.jpg 1868w\" sizes=\"(max-width: 219px) 100vw, 219px\" \/>   <\/div><\/div>[\/vc_column][\/vc_row][vc_row][vc_column width=&#8221;1\/6&#8243; tablet_width=&#8221;1-12&#8243; tablet_sm_width=&#8221;hide&#8221; mobile_width=&#8221;hide&#8221;][\/vc_column][vc_column width=&#8221;2\/3&#8243; tablet_width=&#8221;5-6&#8243;][vc_column_text]L\u2019Avv. Prof. Stefano Giubboni \u00e8 nato a Perugia il 20 maggio 1966.<\/p>\n<p>Iscritto all\u2019Albo degli Avvocati di Perugia dal 1995, \u00e8 iscritto all\u2019Albo speciale Cassazionisti dal 2007.<\/p>\n<p>Attualmente, \u00e8 Professore Ordinario di Diritto del Lavoro nell\u2019Universit\u00e0 degli Studi di Perugia; socio di AGI \u2013 Avvocati giuslavoristi italiani; Presidente della sezione Umbra del Centro Nazionale Studi di Diritto del Lavoro <em>\u201cDomenico Napoletano\u201d<\/em>, socio fondatore di \u201c<em>Labour Law Community\u201d<\/em>.<\/p>\n<p>Sotto il profilo scientifico ha maturato, come studioso, un\u2019importante esperienza internazionale (nel 2007 alla Columbia Law School; nel 2010 all\u2019Universit\u00e0 di Durham; nel 2014 ad Anversa; nel 2016 prima alla Fordham Law School di New York e quindi al Dipartimento di legge dell\u2019Istituto Universitario Europeo, come <em>Fernand Braudel Senior Fellow<\/em>), ed \u00e8 parte di comitati di redazione o di direzione di principali riviste del settore (tra cui il<em> Giornale di diritto del lavoro e di relazioni industriali<\/em>, la <em>Rivista del diritto della sicurezza sociale<\/em>, la<em> Rivista critica del diritto privato<\/em>, la <em>Rivista italiana di diritto del lavoro<\/em>, <em>Lavoro e previdenza oggi<\/em>).<\/p>\n<p>Ha unito, inoltre, all\u2019attivit\u00e0 forese ed accademica, anche rilevanti impegni di natura istituzionale.<\/p>\n<p>\u00c8 pi\u00f9 volte chiamato come consulente dalla Commissione Europea e dal Parlamento Europeo. Dal 2015 al 2020 \u00e8 stato vicepresidente del Fondo di solidariet\u00e0 per la riconversione e riqualificazione professionale, per il sostegno dell\u2019occupazione e del reddito del personale del credito presso l\u2019INPS, su nomina del Ministero del lavoro. Nel 2020 \u00e8 stato consulente giuridico del Ministro del lavoro e delle politiche sociali e componente del Tavolo tecnico di studio sulle tematiche previdenziali dal medesimo istituito con decreto n. 15\/2020.<\/p>\n<p>Con oltre trecento tra articoli e saggi pubblicati nelle principali riviste italiane e internazionali di diritto del lavoro e di diritto comparato ed europeo (la lista completa delle pubblicazioni \u00e8 disponibile nel sito istituzionale dell\u2019Universit\u00e0 di Perugia), ha all\u2019attivo numerosi testi monografici e manualistici: <em>Diritti sociali e mercato<\/em>, Il Mulino, 2003; <em>Il diritto della sicurezza sociale in trasformazione<\/em> (con Maurizio Cinelli), Giappichelli, 2005; <em>Infortuni sul lavoro e malattie professionali<\/em> (con Aldo De Matteis), Giuffr\u00e8, 2005; <em>Social Rights and Market Freedom in the European Constitution<\/em>, Cambridge University Press, 2006; <em>La libera circolazione dei lavoratori nell\u2019Unione europea <\/em>(con Giovanni Orlandini), Il Mulino, 2007; <em>La previdenza complementare tra libert\u00e0 individuale ed interesse collettivo<\/em>, Cacucci, 2009; <em>Diritti e solidariet\u00e0 in Europa<\/em>, Il Mulino, 2012; <em>Infortuni sul lavoro e risarcimento del danno<\/em> (con Andrea Rossi), Giuffr\u00e8, 2012; <em>Infortuni sul lavoro e malattie professionali <\/em>(con Giuseppe Ludovico e Andrea Rossi), Cedam, 2014 (seconda edizione 2020); <em>Cittadinanza, lavoro, diritti sociali. Percorsi nazionali ed europei <\/em>(con Maurizio Cinelli), Giappichelli, 2014; <em>Diritto del lavoro europeo. Una introduzione critica<\/em>, Wolters Kluwer Cedam, 2017; <em>Lineamenti di diritto della previdenza sociale<\/em> (ancora con Maurizio Cinelli), Wolters Kluwer Cedam, 2018 (giunto nel 2020 alla seconda edizione); <em>Reddito di cittadinanza e pensioni: il riordino del <\/em>welfare<em> italiano<\/em>, Giappichelli, 2020; <em>Anni difficili. I licenziamenti in Italia in tempi di crisi<\/em>, Giappichelli, 2020. Ha inoltre curato per Treccani il volume per le scuole secondarie <em>Le parole del lavoro<\/em> (2019) e sta ora per dare alle stampe <em>Infortuni sul lavoro e responsabilit\u00e0 civile<\/em> (con A. Rossi), per i tipi di Giuffr\u00e8 Francis Lefebvre, ed un corso di <em>Lezioni di diritto del lavoro<\/em> (con A. Di Stasi e V. Pinto), per i tipi del Mulino.<\/p>\n<p>&nbsp;<\/p>\n<p>[\/vc_column_text][\/vc_column][\/vc_row]<\/p>\n","protected":false},"excerpt":{"rendered":"<p>[vc_row][vc_column width=&#8221;1\/6&#8243; tablet_width=&#8221;1-12&#8243; tablet_sm_width=&#8221;hide&#8221; mobile_width=&#8221;hide&#8221;][\/vc_column][vc_column width=&#8221;2\/3&#8243; tablet_width=&#8221;5-6&#8243;][\/vc_column][\/vc_row][vc_row][vc_column width=&#8221;1\/6&#8243; tablet_width=&#8221;1-12&#8243; tablet_sm_width=&#8221;hide&#8221; mobile_width=&#8221;hide&#8221;][\/vc_column][vc_column width=&#8221;2\/3&#8243; tablet_width=&#8221;5-6&#8243;][vc_column_text]L\u2019Avv. Prof. Stefano Giubboni \u00e8 nato a Perugia il 20 maggio 1966. Iscritto all\u2019Albo degli Avvocati di Perugia dal 1995, \u00e8 iscritto all\u2019Albo speciale Cassazionisti dal 2007. Attualmente, \u00e8 Professore Ordinario di Diritto del Lavoro nell\u2019Universit\u00e0 degli Studi di Perugia; socio di AGI [&hellip;]<\/p>\n","protected":false},"author":2,"featured_media":0,"parent":16348,"menu_order":0,"comment_status":"closed","ping_status":"closed","template":"","meta":[],"yoast_head":"<!-- This site is optimized with the Yoast SEO plugin v19.10 - https:\/\/yoast.com\/wordpress\/plugins\/seo\/ -->\n<title>Avv. Prof. Stefano Giubboni - Studio Legale Tamburro<\/title>\n<meta name=\"robots\" content=\"index, follow, max-snippet:-1, max-image-preview:large, max-video-preview:-1\" \/>\n<link rel=\"canonical\" href=\"https:\/\/studiotamburro.it\/en\/professionals\/prof-stefano-giubboni\/\" \/>\n<meta property=\"og:locale\" content=\"en_US\" \/>\n<meta property=\"og:type\" content=\"article\" \/>\n<meta property=\"og:title\" content=\"Avv. Prof. Stefano Giubboni - Studio Legale Tamburro\" \/>\n<meta property=\"og:description\" content=\"[vc_row][vc_column width=&#8221;1\/6&#8243; tablet_width=&#8221;1-12&#8243; tablet_sm_width=&#8221;hide&#8221; mobile_width=&#8221;hide&#8221;][\/vc_column][vc_column width=&#8221;2\/3&#8243; tablet_width=&#8221;5-6&#8243;][\/vc_column][\/vc_row][vc_row][vc_column width=&#8221;1\/6&#8243; tablet_width=&#8221;1-12&#8243; tablet_sm_width=&#8221;hide&#8221; mobile_width=&#8221;hide&#8221;][\/vc_column][vc_column width=&#8221;2\/3&#8243; tablet_width=&#8221;5-6&#8243;][vc_column_text]L\u2019Avv. Prof. Stefano Giubboni \u00e8 nato a Perugia il 20 maggio 1966. Iscritto all\u2019Albo degli Avvocati di Perugia dal 1995, \u00e8 iscritto all\u2019Albo speciale Cassazionisti dal 2007. Attualmente, \u00e8 Professore Ordinario di Diritto del Lavoro nell\u2019Universit\u00e0 degli Studi di Perugia; socio di AGI [&hellip;]\" \/>\n<meta property=\"og:url\" content=\"https:\/\/studiotamburro.it\/en\/professionals\/prof-stefano-giubboni\/\" \/>\n<meta property=\"og:site_name\" content=\"Studio Legale Tamburro\" \/>\n<meta property=\"article:modified_time\" content=\"2021-10-06T15:16:46+00:00\" \/>\n<meta name=\"twitter:card\" content=\"summary_large_image\" \/>\n<meta name=\"twitter:label1\" content=\"Est. reading time\" \/>\n\t<meta name=\"twitter:data1\" content=\"3 minutes\" \/>\n<script type=\"application\/ld+json\" class=\"yoast-schema-graph\">{\"@context\":\"https:\/\/schema.org\",\"@graph\":[{\"@type\":\"WebPage\",\"@id\":\"https:\/\/studiotamburro.it\/en\/professionals\/prof-stefano-giubboni\/\",\"url\":\"https:\/\/studiotamburro.it\/en\/professionals\/prof-stefano-giubboni\/\",\"name\":\"Avv. Prof. Stefano Giubboni - Studio Legale Tamburro\",\"isPartOf\":{\"@id\":\"https:\/\/studiotamburro.it\/#website\"},\"datePublished\":\"2021-09-29T19:00:14+00:00\",\"dateModified\":\"2021-10-06T15:16:46+00:00\",\"breadcrumb\":{\"@id\":\"https:\/\/studiotamburro.it\/en\/professionals\/prof-stefano-giubboni\/#breadcrumb\"},\"inLanguage\":\"en-US\",\"potentialAction\":[{\"@type\":\"ReadAction\",\"target\":[\"https:\/\/studiotamburro.it\/en\/professionals\/prof-stefano-giubboni\/\"]}]},{\"@type\":\"BreadcrumbList\",\"@id\":\"https:\/\/studiotamburro.it\/en\/professionals\/prof-stefano-giubboni\/#breadcrumb\",\"itemListElement\":[{\"@type\":\"ListItem\",\"position\":1,\"name\":\"Home\",\"item\":\"https:\/\/studiotamburro.it\/en\/\"},{\"@type\":\"ListItem\",\"position\":2,\"name\":\"Professionals\",\"item\":\"https:\/\/studiotamburro.it\/en\/professionals\/\"},{\"@type\":\"ListItem\",\"position\":3,\"name\":\"Avv. Prof. Stefano Giubboni\"}]},{\"@type\":\"WebSite\",\"@id\":\"https:\/\/studiotamburro.it\/#website\",\"url\":\"https:\/\/studiotamburro.it\/\",\"name\":\"Studio Legale Tamburro\",\"description\":\"\",\"potentialAction\":[{\"@type\":\"SearchAction\",\"target\":{\"@type\":\"EntryPoint\",\"urlTemplate\":\"https:\/\/studiotamburro.it\/?s={search_term_string}\"},\"query-input\":\"required name=search_term_string\"}],\"inLanguage\":\"en-US\"}]}<\/script>\n<!-- \/ Yoast SEO plugin. -->","yoast_head_json":{"title":"Avv. Prof. Stefano Giubboni - Studio Legale Tamburro","robots":{"index":"index","follow":"follow","max-snippet":"max-snippet:-1","max-image-preview":"max-image-preview:large","max-video-preview":"max-video-preview:-1"},"canonical":"https:\/\/studiotamburro.it\/en\/professionals\/prof-stefano-giubboni\/","og_locale":"en_US","og_type":"article","og_title":"Avv. Prof. Stefano Giubboni - Studio Legale Tamburro","og_description":"[vc_row][vc_column width=&#8221;1\/6&#8243; tablet_width=&#8221;1-12&#8243; tablet_sm_width=&#8221;hide&#8221; mobile_width=&#8221;hide&#8221;][\/vc_column][vc_column width=&#8221;2\/3&#8243; tablet_width=&#8221;5-6&#8243;][\/vc_column][\/vc_row][vc_row][vc_column width=&#8221;1\/6&#8243; tablet_width=&#8221;1-12&#8243; tablet_sm_width=&#8221;hide&#8221; mobile_width=&#8221;hide&#8221;][\/vc_column][vc_column width=&#8221;2\/3&#8243; tablet_width=&#8221;5-6&#8243;][vc_column_text]L\u2019Avv. Prof. Stefano Giubboni \u00e8 nato a Perugia il 20 maggio 1966. Iscritto all\u2019Albo degli Avvocati di Perugia dal 1995, \u00e8 iscritto all\u2019Albo speciale Cassazionisti dal 2007. Attualmente, \u00e8 Professore Ordinario di Diritto del Lavoro nell\u2019Universit\u00e0 degli Studi di Perugia; socio di AGI [&hellip;]","og_url":"https:\/\/studiotamburro.it\/en\/professionals\/prof-stefano-giubboni\/","og_site_name":"Studio Legale Tamburro","article_modified_time":"2021-10-06T15:16:46+00:00","twitter_card":"summary_large_image","twitter_misc":{"Est. reading time":"3 minutes"},"schema":{"@context":"https:\/\/schema.org","@graph":[{"@type":"WebPage","@id":"https:\/\/studiotamburro.it\/en\/professionals\/prof-stefano-giubboni\/","url":"https:\/\/studiotamburro.it\/en\/professionals\/prof-stefano-giubboni\/","name":"Avv. Prof. Stefano Giubboni - Studio Legale Tamburro","isPartOf":{"@id":"https:\/\/studiotamburro.it\/#website"},"datePublished":"2021-09-29T19:00:14+00:00","dateModified":"2021-10-06T15:16:46+00:00","breadcrumb":{"@id":"https:\/\/studiotamburro.it\/en\/professionals\/prof-stefano-giubboni\/#breadcrumb"},"inLanguage":"en-US","potentialAction":[{"@type":"ReadAction","target":["https:\/\/studiotamburro.it\/en\/professionals\/prof-stefano-giubboni\/"]}]},{"@type":"BreadcrumbList","@id":"https:\/\/studiotamburro.it\/en\/professionals\/prof-stefano-giubboni\/#breadcrumb","itemListElement":[{"@type":"ListItem","position":1,"name":"Home","item":"https:\/\/studiotamburro.it\/en\/"},{"@type":"ListItem","position":2,"name":"Professionals","item":"https:\/\/studiotamburro.it\/en\/professionals\/"},{"@type":"ListItem","position":3,"name":"Avv. Prof. Stefano Giubboni"}]},{"@type":"WebSite","@id":"https:\/\/studiotamburro.it\/#website","url":"https:\/\/studiotamburro.it\/","name":"Studio Legale Tamburro","description":"","potentialAction":[{"@type":"SearchAction","target":{"@type":"EntryPoint","urlTemplate":"https:\/\/studiotamburro.it\/?s={search_term_string}"},"query-input":"required name=search_term_string"}],"inLanguage":"en-US"}]}},"_links":{"self":[{"href":"https:\/\/studiotamburro.it\/en\/wp-json\/wp\/v2\/pages\/16633"}],"collection":[{"href":"https:\/\/studiotamburro.it\/en\/wp-json\/wp\/v2\/pages"}],"about":[{"href":"https:\/\/studiotamburro.it\/en\/wp-json\/wp\/v2\/types\/page"}],"author":[{"embeddable":true,"href":"https:\/\/studiotamburro.it\/en\/wp-json\/wp\/v2\/users\/2"}],"replies":[{"embeddable":true,"href":"https:\/\/studiotamburro.it\/en\/wp-json\/wp\/v2\/comments?post=16633"}],"version-history":[{"count":3,"href":"https:\/\/studiotamburro.it\/en\/wp-json\/wp\/v2\/pages\/16633\/revisions"}],"predecessor-version":[{"id":16670,"href":"https:\/\/studiotamburro.it\/en\/wp-json\/wp\/v2\/pages\/16633\/revisions\/16670"}],"up":[{"embeddable":true,"href":"https:\/\/studiotamburro.it\/en\/wp-json\/wp\/v2\/pages\/16348"}],"wp:attachment":[{"href":"https:\/\/studiotamburro.it\/en\/wp-json\/wp\/v2\/media?parent=16633"}],"curies":[{"name":"wp","href":"https:\/\/api.w.org\/{rel}","templated":true}]}}